{"id":1828,"date":"2020-02-07T14:03:20","date_gmt":"2020-02-07T13:03:20","guid":{"rendered":"https:\/\/szarlotta.pl\/?page_id=1828"},"modified":"2026-03-24T11:26:40","modified_gmt":"2026-03-24T10:26:40","slug":"szarlotta-restaurant","status":"publish","type":"page","link":"https:\/\/szarlotta.pl\/eng\/","title":{"rendered":"Szarlotta Restaurant"},"content":{"rendered":"<div data-elementor-type=\"wp-page\" data-elementor-id=\"1828\" class=\"elementor elementor-1828\" data-elementor-post-type=\"page\">\n\t\t\t\t<div class=\"elementor-element elementor-element-cdd3801 e-con-full e-flex e-con e-parent\" data-id=\"cdd3801\" data-element_type=\"container\" data-e-type=\"container\" data-settings=\"{&quot;background_background&quot;:&quot;classic&quot;}\">\n\t\t<div class=\"elementor-element elementor-element-2b239f5 animated-slow e-flex e-con-boxed elementor-invisible e-con e-child\" data-id=\"2b239f5\" data-element_type=\"container\" data-e-type=\"container\" data-settings=\"{&quot;background_background&quot;:&quot;classic&quot;,&quot;animation&quot;:&quot;fadeIn&quot;,&quot;animation_delay&quot;:500}\">\n\t\t\t\t\t<div class=\"e-con-inner\">\n\t\t\t\t<div class=\"elementor-element elementor-element-ebbd192 animated-fast elementor-widget__width-inherit elementor-invisible elementor-widget elementor-widget-heading\" data-id=\"ebbd192\" data-element_type=\"widget\" data-e-type=\"widget\" data-settings=\"{&quot;_animation&quot;:&quot;fadeIn&quot;,&quot;_animation_delay&quot;:750}\" data-widget_type=\"heading.default\">\n\t\t\t\t\t<h1 class=\"elementor-heading-title elementor-size-default\">Szarlotta Restaurant<\/h1>\t\t\t\t<\/div>\n\t\t\t\t<div class=\"elementor-element elementor-element-74a8b55 animated-fast elementor-widget__width-inherit elementor-invisible elementor-widget elementor-widget-heading\" data-id=\"74a8b55\" data-element_type=\"widget\" data-e-type=\"widget\" data-settings=\"{&quot;_animation&quot;:&quot;fadeIn&quot;,&quot;_animation_delay&quot;:750}\" data-widget_type=\"heading.default\">\n\t\t\t\t\t<h1 class=\"elementor-heading-title elementor-size-default\">Comfort food with creative cousine.<br>Comfort food przy Starym Rynku w Poznaniu.<\/h1>\t\t\t\t<\/div>\n\t\t\t\t<div class=\"elementor-element elementor-element-c55647e elementor-widget__width-initial animated-fast elementor-invisible elementor-widget elementor-widget-image\" data-id=\"c55647e\" data-element_type=\"widget\" data-e-type=\"widget\" data-settings=\"{&quot;_animation&quot;:&quot;fadeIn&quot;,&quot;_animation_delay&quot;:1250}\" data-widget_type=\"image.default\">\n\t\t\t\t\t\t\t\t\t\t\t\t\t\t\t<img decoding=\"async\" width=\"220\" height=\"220\" src=\"https:\/\/szarlotta.pl\/wp-content\/uploads\/2025\/10\/ta-2021.svg\" class=\"attachment-full size-full wp-image-4481\" alt=\"\">\t\t\t\t\t\t\t\t\t\t\t\t\t\t\t<\/div>\n\t\t\t\t<div class=\"elementor-element elementor-element-18908de elementor-widget__width-initial animated-fast elementor-invisible elementor-widget elementor-widget-image\" data-id=\"18908de\" data-element_type=\"widget\" data-e-type=\"widget\" data-settings=\"{&quot;_animation&quot;:&quot;fadeIn&quot;,&quot;_animation_delay&quot;:1250}\" data-widget_type=\"image.default\">\n\t\t\t\t\t\t\t\t\t\t\t\t\t\t\t<img decoding=\"async\" width=\"220\" height=\"220\" src=\"https:\/\/szarlotta.pl\/wp-content\/uploads\/2025\/10\/ta-2025.svg\" class=\"attachment-full size-full wp-image-4482\" alt=\"\">\t\t\t\t\t\t\t\t\t\t\t\t\t\t\t<\/div>\n\t\t\t\t\t<\/div>\n\t\t\t\t<\/div>\n\t\t\t\t<\/div>\n\t\t<div class=\"elementor-element elementor-element-4bf8593 e-flex e-con-boxed e-con e-parent\" data-id=\"4bf8593\" data-element_type=\"container\" data-e-type=\"container\">\n\t\t\t\t\t<div class=\"e-con-inner\">\n\t\t<div class=\"elementor-element elementor-element-42732e7 e-con-full e-flex e-con e-child\" data-id=\"42732e7\" data-element_type=\"container\" data-e-type=\"container\" data-settings=\"{&quot;background_background&quot;:&quot;classic&quot;}\">\n\t\t<div class=\"elementor-element elementor-element-717cc19 e-con-full e-flex e-con e-child\" data-id=\"717cc19\" data-element_type=\"container\" data-e-type=\"container\" data-settings=\"{&quot;background_background&quot;:&quot;classic&quot;}\">\n\t\t\t\t<\/div>\n\t\t<div class=\"elementor-element elementor-element-6abe28b e-con-full e-flex e-con e-child\" data-id=\"6abe28b\" data-element_type=\"container\" data-e-type=\"container\">\n\t\t\t\t<div class=\"elementor-element elementor-element-170a0a1 elementor-widget elementor-widget-heading\" data-id=\"170a0a1\" data-element_type=\"widget\" data-e-type=\"widget\" data-widget_type=\"heading.default\">\n\t\t\t\t\t<h2 class=\"elementor-heading-title elementor-size-default\">Najlepsze \u015bniadania w mie\u015bcie<\/h2>\t\t\t\t<\/div>\n\t\t\t\t<div class=\"elementor-element elementor-element-450d707 elementor-widget elementor-widget-text-editor\" data-id=\"450d707\" data-element_type=\"widget\" data-e-type=\"widget\" data-widget_type=\"text-editor.default\">\n\t\t\t\t\t\t\t\t\t<p>Du\u017ce porcje w stylu kontynentalnym oraz ciekawostki szefa kuchni. Przejrzyste menu i ciekawe opcje do wyboru.\u00a0<\/p><p>Dzi\u0119kujemy, \u017ce tak dobrze oceniacie nasze starania!<\/p><p><strong>Breakfast is served:<br \/>Od poniedzia\u0142ku do pi\u0105tku: 9:00 &#8211; 12:00<br \/>W sobot\u0119 i niedziel\u0119: 9:00 &#8211; 13:00<\/strong><\/p>\t\t\t\t\t\t\t\t<\/div>\n\t\t\t\t<div class=\"elementor-element elementor-element-78f29f8 elementor-align-right elementor-mobile-align-justify elementor-widget elementor-widget-button\" data-id=\"78f29f8\" data-element_type=\"widget\" data-e-type=\"widget\" data-widget_type=\"button.default\">\n\t\t\t\t\t\t\t\t\t\t<a class=\"elementor-button elementor-button-link elementor-size-sm\" href=\"https:\/\/szarlotta.pl\/eng\/menu-szarlotta-sniadania\/\">\n\t\t\t\t\t\t<span class=\"elementor-button-content-wrapper\">\n\t\t\t\t\t\t\t\t\t<span class=\"elementor-button-text\">see breakfast menu<\/span>\n\t\t\t\t\t<\/span>\n\t\t\t\t\t<\/a>\n\t\t\t\t\t\t\t\t<\/div>\n\t\t\t\t<div class=\"elementor-element elementor-element-52abd3a elementor-widget elementor-widget-heading\" data-id=\"52abd3a\" data-element_type=\"widget\" data-e-type=\"widget\" data-widget_type=\"heading.default\">\n\t\t\t\t\t<h2 class=\"elementor-heading-title elementor-size-default\">The creative Chefs\u2019 menu<\/h2>\t\t\t\t<\/div>\n\t\t\t\t<div class=\"elementor-element elementor-element-86a6a59 elementor-widget elementor-widget-text-editor\" data-id=\"86a6a59\" data-element_type=\"widget\" data-e-type=\"widget\" data-widget_type=\"text-editor.default\">\n\t\t\t\t\t\t\t\t\t<p>Zgrana ekipa na kuchni 2 razy w roku tworzy now\u0105 kart\u0119 oraz dania sezonowo &#8211; \u015bwi\u0105teczne w kompozycjach, kt\u00f3re wprawiaj\u0105 w zachwyt.\u00a0<\/p>\t\t\t\t\t\t\t\t<\/div>\n\t\t\t\t<div class=\"elementor-element elementor-element-cc76213 elementor-align-right elementor-mobile-align-justify elementor-widget elementor-widget-button\" data-id=\"cc76213\" data-element_type=\"widget\" data-e-type=\"widget\" data-widget_type=\"button.default\">\n\t\t\t\t\t\t\t\t\t\t<a class=\"elementor-button elementor-button-link elementor-size-sm\" href=\"https:\/\/szarlotta.pl\/eng\/menu-szarlotta-karta-dan\/\">\n\t\t\t\t\t\t<span class=\"elementor-button-content-wrapper\">\n\t\t\t\t\t\t\t\t\t<span class=\"elementor-button-text\">see main menu<\/span>\n\t\t\t\t\t<\/span>\n\t\t\t\t\t<\/a>\n\t\t\t\t\t\t\t\t<\/div>\n\t\t\t\t<\/div>\n\t\t\t\t<\/div>\n\t\t<div class=\"elementor-element elementor-element-956ef03 e-con-full e-flex e-con e-child\" data-id=\"956ef03\" data-element_type=\"container\" data-e-type=\"container\" data-settings=\"{&quot;background_background&quot;:&quot;classic&quot;}\">\n\t\t\t\t<div class=\"elementor-element elementor-element-2b7fc08 elementor-widget__width-inherit elementor-widget elementor-widget-heading\" data-id=\"2b7fc08\" data-element_type=\"widget\" data-e-type=\"widget\" data-widget_type=\"heading.default\">\n\t\t\t\t\t<h2 class=\"elementor-heading-title elementor-size-default\">Nie tylko smacznie, ale i ciekawie<\/h2>\t\t\t\t<\/div>\n\t\t\t\t<div class=\"elementor-element elementor-element-9cf8426 elementor-widget__width-initial elementor-widget-mobile__width-inherit elementor-position-top elementor-widget elementor-widget-image-box\" data-id=\"9cf8426\" data-element_type=\"widget\" data-e-type=\"widget\" data-widget_type=\"image-box.default\">\n\t\t\t\t\t<div class=\"elementor-image-box-wrapper\"><figure class=\"elementor-image-box-img\"><img fetchpriority=\"high\" decoding=\"async\" width=\"634\" height=\"381\" src=\"https:\/\/szarlotta.pl\/wp-content\/uploads\/2025\/10\/otwarta_kuchnia_szarlotty_3.webp\" class=\"attachment-full size-full wp-image-4713\" alt=\"\" srcset=\"https:\/\/szarlotta.pl\/wp-content\/uploads\/2025\/10\/otwarta_kuchnia_szarlotty_3.webp 634w, https:\/\/szarlotta.pl\/wp-content\/uploads\/2025\/10\/otwarta_kuchnia_szarlotty_3-300x180.webp 300w, https:\/\/szarlotta.pl\/wp-content\/uploads\/2025\/10\/otwarta_kuchnia_szarlotty_3-18x12.webp 18w, https:\/\/szarlotta.pl\/wp-content\/uploads\/2025\/10\/otwarta_kuchnia_szarlotty_3-600x361.webp 600w\" sizes=\"(max-width: 634px) 100vw, 634px\" \/><\/figure><div class=\"elementor-image-box-content\"><h3 class=\"elementor-image-box-title\">Open kitchen<\/h3><p class=\"elementor-image-box-description\">Lubisz wiedzie\u0107, co jesz? My nie mamy tajemnic! Dzi\u0119ki otwartej kuchni widzisz ca\u0142y proces przygotowywania Twojego dania.<\/p><\/div><\/div>\t\t\t\t<\/div>\n\t\t\t\t<div class=\"elementor-element elementor-element-891f841 elementor-widget__width-initial elementor-widget-mobile__width-inherit elementor-position-top elementor-widget elementor-widget-image-box\" data-id=\"891f841\" data-element_type=\"widget\" data-e-type=\"widget\" data-widget_type=\"image-box.default\">\n\t\t\t\t\t<div class=\"elementor-image-box-wrapper\"><figure class=\"elementor-image-box-img\"><img loading=\"lazy\" decoding=\"async\" width=\"634\" height=\"381\" src=\"https:\/\/szarlotta.pl\/wp-content\/uploads\/2025\/10\/imprezy_stary_rynek_kolacja-z-muzyka.webp\" class=\"attachment-full size-full wp-image-4714\" alt=\"\" srcset=\"https:\/\/szarlotta.pl\/wp-content\/uploads\/2025\/10\/imprezy_stary_rynek_kolacja-z-muzyka.webp 634w, https:\/\/szarlotta.pl\/wp-content\/uploads\/2025\/10\/imprezy_stary_rynek_kolacja-z-muzyka-300x180.webp 300w, https:\/\/szarlotta.pl\/wp-content\/uploads\/2025\/10\/imprezy_stary_rynek_kolacja-z-muzyka-18x12.webp 18w, https:\/\/szarlotta.pl\/wp-content\/uploads\/2025\/10\/imprezy_stary_rynek_kolacja-z-muzyka-600x361.webp 600w\" sizes=\"(max-width: 634px) 100vw, 634px\" \/><\/figure><div class=\"elementor-image-box-content\"><h3 class=\"elementor-image-box-title\">Muzyka na \u017cywo<\/h3><p class=\"elementor-image-box-description\">Kuchnia i \u015bpiew\u00a0doskonale\u00a0id\u0105 w parze. Odwied\u017a nas w pi\u0105tek wieczorem i przekonaj si\u0119, \u017ce przy muzyce wszystko smakuje lepiej!<\/p><\/div><\/div>\t\t\t\t<\/div>\n\t\t\t\t<\/div>\n\t\t<div class=\"elementor-element elementor-element-acdc831 e-con-full e-flex e-con e-child\" data-id=\"acdc831\" data-element_type=\"container\" data-e-type=\"container\" data-settings=\"{&quot;background_background&quot;:&quot;classic&quot;}\">\n\t\t\t\t<div class=\"elementor-element elementor-element-8066719 elementor-widget elementor-widget-heading\" data-id=\"8066719\" data-element_type=\"widget\" data-e-type=\"widget\" data-widget_type=\"heading.default\">\n\t\t\t\t\t<h2 class=\"elementor-heading-title elementor-size-default\">Mamy to, co dobre dla doros\u0142ych i dla dzieci \ud83d\ude42<\/h2>\t\t\t\t<\/div>\n\t\t\t\t<div class=\"elementor-element elementor-element-18d9673 elementor-widget elementor-widget-text-editor\" data-id=\"18d9673\" data-element_type=\"widget\" data-e-type=\"widget\" data-widget_type=\"text-editor.default\">\n\t\t\t\t\t\t\t\t\t<p>W Szarlotta Restaurant ka\u017cdy jest mile widziany!\u00a0<\/p><p>Jeste\u015bmy miejscem przyjaznym rodzinom, o czym \u015bwiadczy umieszczenie nas w przewodniku &#8222;Dziecko w mie\u015bcie Pozna\u0144&#8221;.\u00a0Zadbali\u015bmy nie tylko o specjalnie przygotowane menu dla dzieci, ale tak\u017ce o oddzielony, przestronny k\u0105cik zabaw. Jest to przestrze\u0144 w 100 procentach bezpieczna dla Waszych pociech.\u00a0<\/p><p>Kiedy dzieci b\u0119d\u0105 rado\u015bnie dokazywa\u0142y w\u015br\u00f3d kreatywnych zabawek, Wy mo\u017cecie rozkoszowa\u0107 si\u0119 smakiem przepysznych da\u0144 Szarlotty.<\/p><p><strong>Zaplanuj rodzinne wyj\u015bcie i skorzystaj z Play Roomu pe\u0142nego zabawek i kreatywnych wyzwa\u0144. W ka\u017cd\u0105 niedziel\u0119 organizujemy zaj\u0119cia z animatorem dla dzieci.<\/strong><\/p>\t\t\t\t\t\t\t\t<\/div>\n\t\t\t\t<div class=\"elementor-element elementor-element-c15aa91 elementor-widget elementor-widget-image\" data-id=\"c15aa91\" data-element_type=\"widget\" data-e-type=\"widget\" data-widget_type=\"image.default\">\n\t\t\t\t\t\t\t\t\t\t\t\t\t\t\t<img loading=\"lazy\" decoding=\"async\" width=\"800\" height=\"534\" src=\"https:\/\/szarlotta.pl\/wp-content\/uploads\/2020\/02\/IMG_1630-1024x683.jpg\" class=\"attachment-large size-large wp-image-1837\" alt=\"\" srcset=\"https:\/\/szarlotta.pl\/wp-content\/uploads\/2020\/02\/IMG_1630-1024x683.jpg 1024w, https:\/\/szarlotta.pl\/wp-content\/uploads\/2020\/02\/IMG_1630-600x400.jpg 600w, https:\/\/szarlotta.pl\/wp-content\/uploads\/2020\/02\/IMG_1630-300x200.jpg 300w, https:\/\/szarlotta.pl\/wp-content\/uploads\/2020\/02\/IMG_1630-768x512.jpg 768w, https:\/\/szarlotta.pl\/wp-content\/uploads\/2020\/02\/IMG_1630-1536x1024.jpg 1536w, https:\/\/szarlotta.pl\/wp-content\/uploads\/2020\/02\/IMG_1630.jpg 1920w\" sizes=\"(max-width: 800px) 100vw, 800px\">\t\t\t\t\t\t\t\t\t\t\t\t\t\t\t<\/div>\n\t\t\t\t<\/div>\n\t\t<div class=\"elementor-element elementor-element-24db9e6 e-con-full e-flex e-con e-child\" data-id=\"24db9e6\" data-element_type=\"container\" data-e-type=\"container\" data-settings=\"{&quot;background_background&quot;:&quot;classic&quot;}\">\n\t\t<div class=\"elementor-element elementor-element-fd667df e-con-full e-flex e-con e-child\" data-id=\"fd667df\" data-element_type=\"container\" data-e-type=\"container\" data-settings=\"{&quot;background_background&quot;:&quot;classic&quot;}\">\n\t\t\t\t<\/div>\n\t\t<div class=\"elementor-element elementor-element-4bee9b6 e-con-full e-flex e-con e-child\" data-id=\"4bee9b6\" data-element_type=\"container\" data-e-type=\"container\">\n\t\t\t\t<div class=\"elementor-element elementor-element-9876912 elementor-widget elementor-widget-heading\" data-id=\"9876912\" data-element_type=\"widget\" data-e-type=\"widget\" data-widget_type=\"heading.default\">\n\t\t\t\t\t<h2 class=\"elementor-heading-title elementor-size-default\">Catering &amp; events<\/h2>\t\t\t\t<\/div>\n\t\t\t\t<div class=\"elementor-element elementor-element-a7403cf elementor-widget elementor-widget-text-editor\" data-id=\"a7403cf\" data-element_type=\"widget\" data-e-type=\"widget\" data-widget_type=\"text-editor.default\">\n\t\t\t\t\t\t\t\t\t<p>Niezale\u017cnie od tego czy wolisz poszale\u0107 na parkiecie czy spokojnie porozmawia\u0107 z rodzin\u0105 i przyjaci\u00f3\u0142mi, gwarantujemy Ci \u015bwietnie zorganizowane wydarzenia okoliczno\u015bciowe.\u00a0<\/p><p>Dbamy o ka\u017cdy detal i dopasowujemy warunki do Twoich potrzeb.\u00a0<\/p><p><strong>Szukasz miejsca na wesele, komuni\u0119, wigili\u0119 firmow\u0105? <\/strong><strong>Dowiedz si\u0119 wi\u0119cej o imprezach w Szarlottcie:<\/strong><\/p>\t\t\t\t\t\t\t\t<\/div>\n\t\t\t\t<div class=\"elementor-element elementor-element-59cb1d4 elementor-align-right elementor-widget elementor-widget-button\" data-id=\"59cb1d4\" data-element_type=\"widget\" data-e-type=\"widget\" data-widget_type=\"button.default\">\n\t\t\t\t\t\t\t\t\t\t<a class=\"elementor-button elementor-button-link elementor-size-sm\" href=\"https:\/\/szarlotta.pl\/eng\/imprezy\/\">\n\t\t\t\t\t\t<span class=\"elementor-button-content-wrapper\">\n\t\t\t\t\t\t\t\t\t<span class=\"elementor-button-text\">Catering &amp; events<\/span>\n\t\t\t\t\t<\/span>\n\t\t\t\t\t<\/a>\n\t\t\t\t\t\t\t\t<\/div>\n\t\t\t\t<\/div>\n\t\t\t\t<\/div>\n\t\t<div class=\"elementor-element elementor-element-fd82964 e-con-full e-flex e-con e-child\" data-id=\"fd82964\" data-element_type=\"container\" data-e-type=\"container\" data-settings=\"{&quot;background_background&quot;:&quot;classic&quot;}\">\n\t\t\t\t<div class=\"elementor-element elementor-element-0bfc153 elementor-widget__width-initial elementor-widget-tablet__width-inherit elementor--h-position-center elementor--v-position-middle elementor-arrows-position-inside elementor-widget elementor-widget-slides\" data-id=\"0bfc153\" data-element_type=\"widget\" data-e-type=\"widget\" data-settings=\"{&quot;navigation&quot;:&quot;arrows&quot;,&quot;autoplay_speed&quot;:1500,&quot;transition&quot;:&quot;fade&quot;,&quot;transition_speed&quot;:400,&quot;autoplay&quot;:&quot;yes&quot;,&quot;pause_on_interaction&quot;:&quot;yes&quot;,&quot;infinite&quot;:&quot;yes&quot;}\" data-widget_type=\"slides.default\">\n\t\t\t\t\t\t\t\t\t\t<div class=\"elementor-slides-wrapper elementor-main-swiper swiper\" role=\"region\" aria-roledescription=\"carousel\" aria-label=\"Slides\" dir=\"ltr\" data-animation=\"fadeInUp\">\n\t\t\t\t<div class=\"swiper-wrapper elementor-slides\">\n\t\t\t\t\t\t\t\t\t\t<div class=\"elementor-repeater-item-101df90 swiper-slide\" role=\"group\" aria-roledescription=\"slide\"><div class=\"swiper-slide-bg\" role=\"img\" aria-label=\"restauracja-poznan\"><\/div><div class=\"swiper-slide-inner\" ><div class=\"swiper-slide-contents\"><\/div><\/div><\/div><div class=\"elementor-repeater-item-52b408c swiper-slide\" role=\"group\" aria-roledescription=\"slide\"><div class=\"swiper-slide-bg\" role=\"img\" aria-label=\"IMG_1568\"><\/div><div class=\"swiper-slide-inner\" ><div class=\"swiper-slide-contents\"><\/div><\/div><\/div><div class=\"elementor-repeater-item-ff7cd4a swiper-slide\" role=\"group\" aria-roledescription=\"slide\"><div class=\"swiper-slide-bg\" role=\"img\" aria-label=\"IMG_1592\"><\/div><div class=\"swiper-slide-inner\" ><div class=\"swiper-slide-contents\"><\/div><\/div><\/div><div class=\"elementor-repeater-item-1ff17ee swiper-slide\" role=\"group\" aria-roledescription=\"slide\"><div class=\"swiper-slide-bg\" role=\"img\" aria-label=\"ogrodek-stary-rynek-poznan\"><\/div><div class=\"swiper-slide-inner\" ><div class=\"swiper-slide-contents\"><\/div><\/div><\/div><div class=\"elementor-repeater-item-c507937 swiper-slide\" role=\"group\" aria-roledescription=\"slide\"><div class=\"swiper-slide-bg\" role=\"img\" aria-label=\"szarlotta piwnica poznan\"><\/div><div class=\"swiper-slide-inner\" ><div class=\"swiper-slide-contents\"><\/div><\/div><\/div><div class=\"elementor-repeater-item-1a4726e swiper-slide\" role=\"group\" aria-roledescription=\"slide\"><div class=\"swiper-slide-bg\" role=\"img\" aria-label=\"obiad stary rynek poznan\"><\/div><div class=\"swiper-slide-inner\" ><div class=\"swiper-slide-contents\"><\/div><\/div><\/div><div class=\"elementor-repeater-item-7748f7e swiper-slide\" role=\"group\" aria-roledescription=\"slide\"><div class=\"swiper-slide-bg\" role=\"img\" aria-label=\"IMG_1630\"><\/div><div class=\"swiper-slide-inner\" ><div class=\"swiper-slide-contents\"><\/div><\/div><\/div>\t\t\t\t<\/div>\n\t\t\t\t\t\t\t\t\t\t\t\t\t\t\t<div class=\"elementor-swiper-button elementor-swiper-button-prev\" role=\"button\" tabindex=\"0\" aria-label=\"Previous slide\">\n\t\t\t\t\t\t\t<svg aria-hidden=\"true\" class=\"e-font-icon-svg e-eicon-chevron-left\" viewbox=\"0 0 1000 1000\" xmlns=\"http:\/\/www.w3.org\/2000\/svg\"><path d=\"M646 125C629 125 613 133 604 142L308 442C296 454 292 471 292 487 292 504 296 521 308 533L604 854C617 867 629 875 646 875 663 875 679 871 692 858 704 846 713 829 713 812 713 796 708 779 692 767L438 487 692 225C700 217 708 204 708 187 708 171 704 154 692 142 675 129 663 125 646 125Z\"><\/path><\/svg>\t\t\t\t\t\t<\/div>\n\t\t\t\t\t\t<div class=\"elementor-swiper-button elementor-swiper-button-next\" role=\"button\" tabindex=\"0\" aria-label=\"Next slide\">\n\t\t\t\t\t\t\t<svg aria-hidden=\"true\" class=\"e-font-icon-svg e-eicon-chevron-right\" viewbox=\"0 0 1000 1000\" xmlns=\"http:\/\/www.w3.org\/2000\/svg\"><path d=\"M696 533C708 521 713 504 713 487 713 471 708 454 696 446L400 146C388 133 375 125 354 125 338 125 325 129 313 142 300 154 292 171 292 187 292 204 296 221 308 233L563 492 304 771C292 783 288 800 288 817 288 833 296 850 308 863 321 871 338 875 354 875 371 875 388 867 400 854L696 533Z\"><\/path><\/svg>\t\t\t\t\t\t<\/div>\n\t\t\t\t\t\t\t\t\t\t\t\t\t\t\t\t\t<\/div>\n\t\t\t\t\t\t\t\t<\/div>\n\t\t<div class=\"elementor-element elementor-element-5eec08f e-con-full e-flex e-con e-child\" data-id=\"5eec08f\" data-element_type=\"container\" data-e-type=\"container\">\n\t\t\t\t<div class=\"elementor-element elementor-element-616a1c6 elementor-widget elementor-widget-heading\" data-id=\"616a1c6\" data-element_type=\"widget\" data-e-type=\"widget\" data-widget_type=\"heading.default\">\n\t\t\t\t\t<h2 class=\"elementor-heading-title elementor-size-default\">Na ka\u017cd\u0105 por\u0119 roku<\/h2>\t\t\t\t<\/div>\n\t\t\t\t<div class=\"elementor-element elementor-element-095b07d elementor-widget elementor-widget-text-editor\" data-id=\"095b07d\" data-element_type=\"widget\" data-e-type=\"widget\" data-widget_type=\"text-editor.default\">\n\t\t\t\t\t\t\t\t\t<p>Restauracja Szarlotta prowadzona jest przez zesp\u00f3\u0142 ludzi uprzejmych i m\u0142odych, kt\u00f3rzy s\u0105 do Waszej dyspozycji codziennie, niezale\u017cnie od sezonu.<\/p><p>W porze zimowej ogrzejemy Was w przytulnym, ceglanym wn\u0119trzu. Wierzcie nam, \u017ce drewno pal\u0105ce si\u0119 w kominku w po\u0142\u0105czeniu z grza\u0144cem potrafi przeku\u0107 najgorsz\u0105 chandr\u0119 w czyst\u0105 satysfakcj\u0119!<\/p><p>Z kolei w ciep\u0142e dni ch\u0119tnie podamy Wam sch\u0142odzone koktajle, soki lub drinki, aby\u015bcie mogli do\u015bwiadczy\u0107 orze\u017awienia racz\u0105c si\u0119 pyszno\u015bciami w naszym ogr\u00f3dku przy klasycznej pozna\u0144skiej alejce.<\/p><p><strong>Sezon na Szarlott\u0119 zaczyna si\u0119 w\u0142a\u015bnie teraz!<\/strong><\/p>\t\t\t\t\t\t\t\t<\/div>\n\t\t\t\t<\/div>\n\t\t\t\t<\/div>\n\t\t<div class=\"elementor-element elementor-element-1f9f05a e-con-full e-flex e-con e-child\" data-id=\"1f9f05a\" data-element_type=\"container\" data-e-type=\"container\" data-settings=\"{&quot;background_background&quot;:&quot;classic&quot;}\">\n\t\t\t\t<div class=\"elementor-element elementor-element-ef86717 elementor-widget elementor-widget-heading\" data-id=\"ef86717\" data-element_type=\"widget\" data-e-type=\"widget\" data-widget_type=\"heading.default\">\n\t\t\t\t\t<h2 class=\"elementor-heading-title elementor-size-default\">Tu cenimy autentyczno\u015b\u0107<\/h2>\t\t\t\t<\/div>\n\t\t\t\t<div class=\"elementor-element elementor-element-9cae942 elementor-widget elementor-widget-text-editor\" data-id=\"9cae942\" data-element_type=\"widget\" data-e-type=\"widget\" data-widget_type=\"text-editor.default\">\n\t\t\t\t\t\t\t\t\t<p>Szarlotta Restaurant to lokal prowadzony przez ludzi z pasj\u0105, kt\u00f3rzy pragn\u0105 stworzy\u0107 miejsce \u0142\u0105cz\u0105ce miejski szyk z atmosfer\u0105 pe\u0142n\u0105 ciep\u0142a.\u00a0<\/p><p>Naszym celem jest podawanie dobrego jedzenia w mi\u0142ej atmosferze. Kreujemy wyj\u0105tkowe chwile, kt\u00f3re doceniaj\u0105 nasi Go\u015bcie. Wasze samopoczucie jest dla nas najwa\u017cniejsze &#8211; chcemy aby\u015bcie w Szarlottcie czuli si\u0119 swobodnie i odkrywali nowe smaki.<\/p>\t\t\t\t\t\t\t\t<\/div>\n\t\t\t\t<div class=\"elementor-element elementor-element-b2066c9 elementor-widget elementor-widget-heading\" data-id=\"b2066c9\" data-element_type=\"widget\" data-e-type=\"widget\" data-widget_type=\"heading.default\">\n\t\t\t\t\t<h3 class=\"elementor-heading-title elementor-size-default\">The creative cousine<\/h3>\t\t\t\t<\/div>\n\t\t\t\t<div class=\"elementor-element elementor-element-5a9fb6e elementor-widget elementor-widget-text-editor\" data-id=\"5a9fb6e\" data-element_type=\"widget\" data-e-type=\"widget\" data-widget_type=\"text-editor.default\">\n\t\t\t\t\t\t\t\t\t<p>Kombinacja smacznej kuchni, tradycyjnych smak\u00f3w w nowoczesnym wydaniu i zapachu naszej kawy buduje obraz miejsca, w kt\u00f3rym go\u015bcie mog\u0105 czu\u0107 si\u0119 komfortowo i przede wszystkim &#8211; gdzie chc\u0105 wraca\u0107, bez wzgl\u0119du na to czy wpadaj\u0105 na szybk\u0105 przek\u0105sk\u0119 w ci\u0105gu dnia, racz\u0105 si\u0119 lampk\u0105 wina wieczorem, czy jedz\u0105 obiad wybrany ze skomponowanej przez nas\u00a0karty da\u0144.\u00a0<\/p><p>Ca\u0142o\u015b\u0107 dope\u0142nia wystr\u00f3j opieraj\u0105cy si\u0119 na lu\u017anej elegancji, co sprawia, \u017ce Szarlotta Restaurant jest wyj\u0105tkowym miejscem, do kt\u00f3rego warto zajrze\u0107 podczas spaceru uliczkami pozna\u0144skiego Starego Rynku.\u00a0<\/p><p><strong>Je\u015bli jeszcze nie by\u0142o Ci\u0119 u nas, koniecznie wpadnij!<\/strong><\/p>\t\t\t\t\t\t\t\t<\/div>\n\t\t\t\t<\/div>\n\t\t\t\t\t<\/div>\n\t\t\t\t<\/div>\n\t\t\t\t<\/div>","protected":false},"excerpt":{"rendered":"<p>Szarlotta Restaurant Kreatywna kuchnia, lu\u017ana elegancja.Comfort food przy Starym Rynku w Poznaniu. Najlepsze \u015bniadania w mie\u015bcie Du\u017ce porcje w stylu kontynentalnym oraz ciekawostki szefa kuchni. Przejrzyste menu i ciekawe opcje do wyboru.\u00a0 Dzi\u0119kujemy, \u017ce tak dobrze oceniacie nasze starania! \u015aniadania serwujemy:Od poniedzia\u0142ku do pi\u0105tku: 9:00 &#8211; 12:00W sobot\u0119 i niedziel\u0119: 9:00 &#8211; 13:00 Sprawd\u017a \u015bniadania [&hellip;]<\/p>\n","protected":false},"author":1,"featured_media":0,"parent":0,"menu_order":0,"comment_status":"closed","ping_status":"closed","template":"elementor_header_footer","meta":{"footnotes":""},"class_list":["post-1828","page","type-page","status-publish","hentry"],"_links":{"self":[{"href":"https:\/\/szarlotta.pl\/eng\/wp-json\/wp\/v2\/pages\/1828","targetHints":{"allow":["GET"]}}],"collection":[{"href":"https:\/\/szarlotta.pl\/eng\/wp-json\/wp\/v2\/pages"}],"about":[{"href":"https:\/\/szarlotta.pl\/eng\/wp-json\/wp\/v2\/types\/page"}],"author":[{"embeddable":true,"href":"https:\/\/szarlotta.pl\/eng\/wp-json\/wp\/v2\/users\/1"}],"replies":[{"embeddable":true,"href":"https:\/\/szarlotta.pl\/eng\/wp-json\/wp\/v2\/comments?post=1828"}],"version-history":[{"count":6,"href":"https:\/\/szarlotta.pl\/eng\/wp-json\/wp\/v2\/pages\/1828\/revisions"}],"predecessor-version":[{"id":5009,"href":"https:\/\/szarlotta.pl\/eng\/wp-json\/wp\/v2\/pages\/1828\/revisions\/5009"}],"wp:attachment":[{"href":"https:\/\/szarlotta.pl\/eng\/wp-json\/wp\/v2\/media?parent=1828"}],"curies":[{"name":"wp","href":"https:\/\/api.w.org\/{rel}","templated":true}]}}