{"id":4436,"date":"2025-10-14T15:28:42","date_gmt":"2025-10-14T13:28:42","guid":{"rendered":"https:\/\/szarlotta.pl\/?page_id=4436"},"modified":"2025-10-17T18:37:13","modified_gmt":"2025-10-17T16:37:13","slug":"kontakt","status":"publish","type":"page","link":"https:\/\/szarlotta.pl\/eng\/kontakt\/","title":{"rendered":"Contact"},"content":{"rendered":"<div data-elementor-type=\"wp-page\" data-elementor-id=\"4436\" class=\"elementor elementor-4436\" data-elementor-post-type=\"page\">\n\t\t\t\t<div class=\"elementor-element elementor-element-862bbec e-flex e-con-boxed e-con e-parent\" data-id=\"862bbec\" data-element_type=\"container\" data-e-type=\"container\">\n\t\t\t\t\t<div class=\"e-con-inner\">\n\t\t\t\t<div class=\"elementor-element elementor-element-03d97a1 elementor-widget__width-inherit elementor-widget elementor-widget-heading\" data-id=\"03d97a1\" data-element_type=\"widget\" data-e-type=\"widget\" data-widget_type=\"heading.default\">\n\t\t\t\t\t<h1 class=\"elementor-heading-title elementor-size-default\">Contact<\/h1>\t\t\t\t<\/div>\n\t\t\t\t<div class=\"elementor-element elementor-element-3c8e697 elementor-widget elementor-widget-heading\" data-id=\"3c8e697\" data-element_type=\"widget\" data-e-type=\"widget\" data-widget_type=\"heading.default\">\n\t\t\t\t\t<span class=\"elementor-heading-title elementor-size-default\">Hello visitors!  :)<\/span>\t\t\t\t<\/div>\n\t\t<div class=\"elementor-element elementor-element-61be6eb e-con-full e-flex e-con e-child\" data-id=\"61be6eb\" data-element_type=\"container\" data-e-type=\"container\" data-settings=\"{&quot;background_background&quot;:&quot;classic&quot;}\">\n\t\t\t\t<div class=\"elementor-element elementor-element-dda4281 elementor-widget__width-inherit elementor-widget elementor-widget-heading\" data-id=\"dda4281\" data-element_type=\"widget\" data-e-type=\"widget\" data-widget_type=\"heading.default\">\n\t\t\t\t\t<h2 class=\"elementor-heading-title elementor-size-default\">Jeste\u015bmy przy p\u0142ycie starego Rynku w Poznaniu:<\/h2>\t\t\t\t<\/div>\n\t\t\t\t<div class=\"elementor-element elementor-element-7321a2e elementor-widget__width-inherit elementor-widget elementor-widget-text-editor\" data-id=\"7321a2e\" data-element_type=\"widget\" data-e-type=\"widget\" data-widget_type=\"text-editor.default\">\n\t\t\t\t\t\t\t\t\t<p>ul. \u015awi\u0119tos\u0142awska 12, 61-840 Pozna\u0144<\/p>\t\t\t\t\t\t\t\t<\/div>\n\t\t\t\t<div class=\"elementor-element elementor-element-3d79b36 elementor-widget__width-inherit elementor-widget elementor-widget-google_maps\" data-id=\"3d79b36\" data-element_type=\"widget\" data-e-type=\"widget\" data-widget_type=\"google_maps.default\">\n\t\t\t\t\t\t\t<div class=\"elementor-custom-embed\">\n\t\t\t<iframe loading=\"lazy\"\n\t\t\t\t\tsrc=\"https:\/\/maps.google.com\/maps?q=szarlotta%20%C5%9Bwi%C4%99tos%C5%82awska%20pozna%C5%84&#038;t=m&#038;z=12&#038;output=embed&#038;iwloc=near\"\n\t\t\t\t\ttitle=\"szarlotta \u015bwi\u0119tos\u0142awska pozna\u0144\"\n\t\t\t\t\taria-label=\"szarlotta \u015bwi\u0119tos\u0142awska pozna\u0144\"\n\t\t\t><\/iframe>\n\t\t<\/div>\n\t\t\t\t\t\t<\/div>\n\t\t\t\t<div class=\"elementor-element elementor-element-b9dca4a elementor-widget__width-inherit elementor-widget elementor-widget-heading\" data-id=\"b9dca4a\" data-element_type=\"widget\" data-e-type=\"widget\" data-widget_type=\"heading.default\">\n\t\t\t\t\t<h2 class=\"elementor-heading-title elementor-size-default\">Mo\u017cesz do nas zadzwoni\u0107 lub napisa\u0107 maila<\/h2>\t\t\t\t<\/div>\n\t\t\t\t<div class=\"elementor-element elementor-element-a768fd1 elementor-widget__width-auto elementor-widget elementor-widget-heading\" data-id=\"a768fd1\" data-element_type=\"widget\" data-e-type=\"widget\" data-widget_type=\"heading.default\">\n\t\t\t\t\t<style>.elementor-element-a768fd1{display:none !important}<\/style>\t\t\t\t<\/div>\n\t\t\t\t<div class=\"elementor-element elementor-element-3ddfbb7 elementor-align-start elementor-mobile-align-start elementor-list-item-link-inline elementor-widget__width-inherit elementor-widget-mobile__width-inherit elementor-icon-list--layout-inline elementor-widget elementor-widget-icon-list\" data-id=\"3ddfbb7\" data-element_type=\"widget\" data-e-type=\"widget\" data-widget_type=\"icon-list.default\">\n\t\t\t\t\t\t\t<ul class=\"elementor-icon-list-items elementor-inline-items\">\n\t\t\t\t\t\t\t<li class=\"elementor-icon-list-item elementor-inline-item\">\n\t\t\t\t\t\t\t\t\t\t\t<a href=\"tel:+48662642764\">\n\n\t\t\t\t\t\t\t\t\t\t\t<span class=\"elementor-icon-list-text\">+48 662 642 764<\/span>\n\t\t\t\t\t\t\t\t\t\t\t<\/a>\n\t\t\t\t\t\t\t\t\t<\/li>\n\t\t\t\t\t\t\t\t<li class=\"elementor-icon-list-item elementor-inline-item\">\n\t\t\t\t\t\t\t\t\t\t\t<a href=\"mailto:info@szarlotta.pl\">\n\n\t\t\t\t\t\t\t\t\t\t\t<span class=\"elementor-icon-list-text\">info@szarlotta.pl<\/span>\n\t\t\t\t\t\t\t\t\t\t\t<\/a>\n\t\t\t\t\t\t\t\t\t<\/li>\n\t\t\t\t\t\t<\/ul>\n\t\t\t\t\t\t<\/div>\n\t\t\t\t<\/div>\n\t\t\t\t\t<\/div>\n\t\t\t\t<\/div>\n\t\t\t\t<\/div>","protected":false},"excerpt":{"rendered":"<p>Kontakt Cze\u015b\u0107 \/ dzie\u0144 dobry! \ud83d\ude42 Jeste\u015bmy przy p\u0142ycie starego Rynku w Poznaniu: ul. \u015awi\u0119tos\u0142awska 12, 61-840 Pozna\u0144 Mo\u017cesz do nas zadzwoni\u0107 lub napisa\u0107 maila Je\u015bli chcesz zarezerwowa\u0107 stolik, naj\u0142atwiej zrobisz to przez formularz (zielony guzik 'rezerwuj stolik&#8217;) +48 662 642 764 info@szarlotta.pl<\/p>","protected":false},"author":1,"featured_media":0,"parent":0,"menu_order":0,"comment_status":"closed","ping_status":"closed","template":"","meta":{"footnotes":""},"class_list":["post-4436","page","type-page","status-publish","hentry"],"_links":{"self":[{"href":"https:\/\/szarlotta.pl\/eng\/wp-json\/wp\/v2\/pages\/4436","targetHints":{"allow":["GET"]}}],"collection":[{"href":"https:\/\/szarlotta.pl\/eng\/wp-json\/wp\/v2\/pages"}],"about":[{"href":"https:\/\/szarlotta.pl\/eng\/wp-json\/wp\/v2\/types\/page"}],"author":[{"embeddable":true,"href":"https:\/\/szarlotta.pl\/eng\/wp-json\/wp\/v2\/users\/1"}],"replies":[{"embeddable":true,"href":"https:\/\/szarlotta.pl\/eng\/wp-json\/wp\/v2\/comments?post=4436"}],"version-history":[{"count":0,"href":"https:\/\/szarlotta.pl\/eng\/wp-json\/wp\/v2\/pages\/4436\/revisions"}],"wp:attachment":[{"href":"https:\/\/szarlotta.pl\/eng\/wp-json\/wp\/v2\/media?parent=4436"}],"curies":[{"name":"wp","href":"https:\/\/api.w.org\/{rel}","templated":true}]}}